{"id":1107,"date":"2024-10-29T14:01:02","date_gmt":"2024-10-29T14:01:02","guid":{"rendered":"https:\/\/capahc.com\/?page_id=1107"},"modified":"2025-05-22T18:53:56","modified_gmt":"2025-05-22T18:53:56","slug":"devenir-membre","status":"publish","type":"page","link":"https:\/\/capahc.com\/en\/devenir-membre\/","title":{"rendered":"BECOME A MEMBER"},"content":{"rendered":"<div class=\"wp-block-stackable-columns stk-block-columns stk-block stk-3221688\" data-block-id=\"3221688\"><div class=\"stk-row stk-inner-blocks stk-block-content stk-content-align stk-3221688-column\">\n<div class=\"wp-block-stackable-column stk-block-column stk-column stk-block stk-55910ad\" data-v=\"4\" data-block-id=\"55910ad\"><style>.stk-55910ad {border-top-left-radius:10px !important;border-top-right-radius:10px !important;border-bottom-right-radius:10px !important;border-bottom-left-radius:10px !important;overflow:hidden !important;box-shadow:none !important;border-style:solid !important;border-top-width:1px !important;border-right-width:1px !important;border-bottom-width:1px !important;border-left-width:1px !important;padding-top:26px !important;padding-right:26px !important;padding-bottom:26px !important;padding-left:26px !important;margin-right:20px !important;}@media screen and (max-width: 767px){.stk-55910ad {border-top-left-radius:9px !important;border-top-right-radius:9px !important;border-bottom-right-radius:9px !important;border-bottom-left-radius:9px !important;overflow:hidden !important;border-top-width:1px !important;border-right-width:1px !important;border-bottom-width:1px !important;border-left-width:1px !important;padding-top:10px !important;padding-right:10px !important;padding-bottom:10px !important;padding-left:10px !important;margin-right:0px !important;margin-bottom:10px !important;}}<\/style><div class=\"stk-column-wrapper stk-block-column__content stk-container stk-55910ad-container stk--no-background stk--no-padding\"><div class=\"stk-block-content stk-inner-blocks stk-55910ad-inner-blocks\">\n<p class=\"has-medium-font-size\" data-block-type=\"core\"><strong>Membership of CAPAHC is free. This virtual membership form also automatically subscribes you to our newsletter.<\/strong><\/p>\n\n\n\n<p data-block-type=\"core\">We only send out four newsletters a year, with interesting information and updates on our activities.<\/p>\n\n\n\n<p data-block-type=\"core\">We respect your privacy and protect your personal information. Read our&nbsp;<a href=\"https:\/\/capahc.com\/en\/politique-de-confidentialite\/\">privacy policy<\/a>.<\/p>\n\n\n<div class=\"wpforms-container wpforms-block wpforms-block-62c310eb-9e98-47c7-bd78-a2de0541c0ef wpforms-render-modern\" id=\"wpforms-1045\"><form id=\"wpforms-form-1045\" class=\"wpforms-validate wpforms-form wpforms-ajax-form\" data-formid=\"1045\" method=\"post\" enctype=\"multipart\/form-data\" action=\"\/en\/wp-json\/wp\/v2\/pages\/1107\" data-token=\"004bfdb91954b127e3cc43802eef55ac\" data-token-time=\"1776794941\" data-trp-original-action=\"\/en\/wp-json\/wp\/v2\/pages\/1107\"><noscript class=\"wpforms-error-noscript\">Please enable JavaScript in your browser to complete this form.<\/noscript><div id=\"wpforms-error-noscript\" style=\"display: none;\">Please enable JavaScript in your browser to complete this form.<\/div><div class=\"wpforms-field-container\"><div id=\"wpforms-1045-field_0-container\" class=\"wpforms-field wpforms-field-name\" data-field-id=\"0\"><label class=\"wpforms-field-label\" for=\"wpforms-1045-field_0\">First and last name : <span class=\"wpforms-required-label\" aria-hidden=\"true\">*<\/span><\/label><input type=\"text\" id=\"wpforms-1045-field_0\" class=\"wpforms-field-medium wpforms-field-required\" name=\"wpforms[fields][0]\" aria-errormessage=\"wpforms-1045-field_0-error\" required><\/div><div id=\"wpforms-1045-field_7-container\" class=\"wpforms-field wpforms-field-text\" data-field-id=\"7\"><label class=\"wpforms-field-label\" for=\"wpforms-1045-field_7\">Pronoun (e.g. He, She, It, etc.): <span class=\"wpforms-required-label\" aria-hidden=\"true\">*<\/span><\/label><input type=\"text\" id=\"wpforms-1045-field_7\" class=\"wpforms-field-medium wpforms-field-required\" name=\"wpforms[fields][7]\" aria-errormessage=\"wpforms-1045-field_7-error\" required><\/div><div id=\"wpforms-1045-field_11-container\" class=\"wpforms-field wpforms-field-text\" data-field-id=\"11\"><label class=\"wpforms-field-label\" for=\"wpforms-1045-field_11\">Telephone :<\/label><input type=\"text\" id=\"wpforms-1045-field_11\" class=\"wpforms-field-medium\" name=\"wpforms[fields][11]\" aria-errormessage=\"wpforms-1045-field_11-error\" ><\/div><div id=\"wpforms-1045-field_1-container\" class=\"wpforms-field wpforms-field-email\" data-field-id=\"1\"><label class=\"wpforms-field-label\" for=\"wpforms-1045-field_1\">Email <span class=\"wpforms-required-label\" aria-hidden=\"true\">*<\/span><\/label><input type=\"email\" id=\"wpforms-1045-field_1\" class=\"wpforms-field-medium wpforms-field-required\" name=\"wpforms[fields][1]\" spellcheck=\"false\" aria-errormessage=\"wpforms-1045-field_1-error\" required><\/div><div id=\"wpforms-1045-field_15-container\" class=\"wpforms-field wpforms-field-radio\" data-field-id=\"15\"><fieldset><legend class=\"wpforms-field-label\">I want to become a member : <span class=\"wpforms-required-label\" aria-hidden=\"true\">*<\/span><\/legend><ul id=\"wpforms-1045-field_15\" class=\"wpforms-field-required\"><li class=\"choice-1 depth-1\"><input type=\"radio\" id=\"wpforms-1045-field_15_1\" name=\"wpforms[fields][15]\" value=\"Actif (pour les personnes vivants avec l&#039;h\u00e9patite C et les profesionnels\u00b7les de sant\u00e9 et du communautaire)\" aria-errormessage=\"wpforms-1045-field_15_1-error\" required><label class=\"wpforms-field-label-inline\" for=\"wpforms-1045-field_15_1\">Active (for people living with hepatitis C and healthcare and community professionals)<\/label><\/li><li class=\"choice-2 depth-1\"><input type=\"radio\" id=\"wpforms-1045-field_15_2\" name=\"wpforms[fields][15]\" value=\"Supporteur : toute personne proche d&#039;un individu vivant avec le VHC ou souhaitant acc\u00e9der \u00e0 nos ressources \u00e9ducatives exclusives.\" aria-errormessage=\"wpforms-1045-field_15_2-error\" required><label class=\"wpforms-field-label-inline\" for=\"wpforms-1045-field_15_2\">Supporter: anyone close to a person living with HCV or wishing to access our exclusive educational resources.<\/label><\/li><\/ul><\/fieldset><\/div><div id=\"wpforms-1045-field_18-container\" class=\"wpforms-field wpforms-field-checkbox\" data-field-id=\"18\"><fieldset><legend class=\"wpforms-field-label\">I would like to subscribe to the newsletter <span class=\"wpforms-required-label\" aria-hidden=\"true\">*<\/span><\/legend><ul id=\"wpforms-1045-field_18\" class=\"wpforms-field-required\"><li class=\"choice-1 depth-1\"><input type=\"checkbox\" id=\"wpforms-1045-field_18_1\" name=\"wpforms[fields][18][]\" value=\"Oui\" aria-errormessage=\"wpforms-1045-field_18_1-error\" required><label class=\"wpforms-field-label-inline\" for=\"wpforms-1045-field_18_1\">Yes<\/label><\/li><li class=\"choice-2 depth-1\"><input type=\"checkbox\" id=\"wpforms-1045-field_18_2\" name=\"wpforms[fields][18][]\" value=\"Non\" aria-errormessage=\"wpforms-1045-field_18_2-error\" required><label class=\"wpforms-field-label-inline\" for=\"wpforms-1045-field_18_2\">No<\/label><\/li><\/ul><\/fieldset><\/div>\t\t<div id=\"wpforms-1045-field_2-container\"\n\t\t\tclass=\"wpforms-field wpforms-field-text\"\n\t\t\tdata-field-type=\"text\"\n\t\t\tdata-field-id=\"2\"\n\t\t\t>\n\t\t\t<label class=\"wpforms-field-label\" for=\"wpforms-1045-field_2\" >souhaite veux ?<\/label>\n\t\t\t<input type=\"text\" id=\"wpforms-1045-field_2\" class=\"wpforms-field-medium\" name=\"wpforms[fields][2]\" >\n\t\t<\/div>\n\t\t<div id=\"wpforms-1045-field_17-container\" class=\"wpforms-field wpforms-field-checkbox\" data-field-id=\"17\"><fieldset><legend class=\"wpforms-field-label\">Would you like me to attend the Annual General Meeting virtually? <span class=\"wpforms-required-label\" aria-hidden=\"true\">*<\/span><\/legend><ul id=\"wpforms-1045-field_17\" class=\"wpforms-field-required\"><li class=\"choice-1 depth-1\"><input type=\"checkbox\" id=\"wpforms-1045-field_17_1\" name=\"wpforms[fields][17][]\" value=\"Oui\" aria-errormessage=\"wpforms-1045-field_17_1-error\" required><label class=\"wpforms-field-label-inline\" for=\"wpforms-1045-field_17_1\">Yes<\/label><\/li><li class=\"choice-2 depth-1\"><input type=\"checkbox\" id=\"wpforms-1045-field_17_2\" name=\"wpforms[fields][17][]\" value=\"Non\" aria-errormessage=\"wpforms-1045-field_17_2-error\" required><label class=\"wpforms-field-label-inline\" for=\"wpforms-1045-field_17_2\">No<\/label><\/li><\/ul><\/fieldset><\/div><script>\n\t\t\t\t( function() {\n\t\t\t\t\tconst style = document.createElement( 'style' );\n\t\t\t\t\tstyle.appendChild( document.createTextNode( '#wpforms-1045-field_2-container { position: absolute !important; overflow: hidden !important; display: inline !important; height: 1px !important; width: 1px !important; z-index: -1000 !important; padding: 0 !important; } #wpforms-1045-field_2-container input { visibility: hidden; } #wpforms-conversational-form-page #wpforms-1045-field_2-container label { counter-increment: none; }' ) );\n\t\t\t\t\tdocument.head.appendChild( style );\n\t\t\t\t\tdocument.currentScript?.remove();\n\t\t\t\t} )();\n\t\t\t<\/script><\/div><!-- .wpforms-field-container --><div class=\"wpforms-recaptcha-container wpforms-is-recaptcha wpforms-is-recaptcha-type-v2\" ><div class=\"g-recaptcha\" data-sitekey=\"6LePil8sAAAAACgbq-x5dNPAlR7IAGigexa7hvC6\"><\/div><input type=\"text\" name=\"g-recaptcha-hidden\" class=\"wpforms-recaptcha-hidden\" style=\"position:absolute!important;clip:rect(0,0,0,0)!important;height:1px!important;width:1px!important;border:0!important;overflow:hidden!important;padding:0!important;margin:0!important;\" data-rule-recaptcha=\"1\"><\/div><div class=\"wpforms-submit-container\" ><input type=\"hidden\" name=\"wpforms[id]\" value=\"1045\"><input type=\"hidden\" name=\"page_title\" value=\"\"><input type=\"hidden\" name=\"page_url\" value=\"https:\/\/capahc.com\/en\/wp-json\/wp\/v2\/pages\/1107\"><input type=\"hidden\" name=\"url_referer\" value=\"\"><button type=\"submit\" name=\"wpforms[submit]\" id=\"wpforms-submit-1045\" class=\"wpforms-submit\" data-alt-text=\"Envoi...\" data-submit-text=\"Envoyer\" aria-live=\"assertive\" value=\"wpforms-submit\">Send<\/button><img loading=\"lazy\" decoding=\"async\" src=\"https:\/\/capahc.com\/wp-content\/plugins\/wpforms-lite\/assets\/images\/submit-spin.svg\" class=\"wpforms-submit-spinner\" style=\"display: none;\" width=\"26\" height=\"26\" alt=\"Loading\"><\/div><input type=\"hidden\" name=\"trp-form-language\" value=\"en\"\/><\/form><\/div>  <!-- .wpforms-container --><\/div><\/div><\/div>\n\n\n\n<div class=\"wp-block-stackable-column stk-block-column stk-column stk-block stk-7f2e1ae stk-block-background\" data-v=\"4\" data-block-id=\"7f2e1ae\"><style>.stk-7f2e1ae {background-color:var(--theme-palette-color-6, #F4F5F6) !important;border-top-left-radius:10px !important;border-top-right-radius:10px !important;border-bottom-right-radius:10px !important;border-bottom-left-radius:10px !important;overflow:hidden !important;}.stk-7f2e1ae:before{background-color:var(--theme-palette-color-6, #F4F5F6) !important;}<\/style><div class=\"stk-column-wrapper stk-block-column__content stk-container stk-7f2e1ae-container stk--no-background stk--no-padding\"><div class=\"stk-block-content stk-inner-blocks stk-7f2e1ae-inner-blocks\">\n<h2 class=\"wp-block-heading has-text-align-center\" id=\"h-rejoignez-le-capahc-et-faites-une-difference\"><strong><span style=\"color: #e6aa14;\" class=\"stk-highlight\">Join CAPAHC and make a difference!<\/span><\/strong><\/h2>\n\n\n\n<p class=\"has-text-align-left\" style=\"font-size:clamp(14px, 0.875rem + ((1vw - 3.2px) * 0.469), 20px);\" data-block-type=\"core\">By becoming a CAPAHC member, you are supporting the fight against hepatitis C and helping us to achieve our goals. It also helps us to grow and develop new initiatives.&nbsp;<\/p>\n\n\n\n<p class=\"has-text-align-left\" style=\"font-size:clamp(14px, 0.875rem + ((1vw - 3.2px) * 0.469), 20px);\" data-block-type=\"core\"><strong>Active<\/strong>&nbsp;and&nbsp;<strong>supporters<\/strong>, both of which allow you to vote at our Annual General Meeting.<\/p>\n\n\n\n<p class=\"has-text-align-left\" style=\"font-size:clamp(14px, 0.875rem + ((1vw - 3.2px) * 0.469), 20px);\" data-block-type=\"core\"><strong>Supporter members<\/strong>&nbsp;Caregivers or anyone wishing to subscribe to our newsletter and access educational resources.<\/p>\n\n\n\n<p style=\"font-size:clamp(14px, 0.875rem + ((1vw - 3.2px) * 0.469), 20px);\" data-block-type=\"core\"><strong>Active members<\/strong>&nbsp;People living with HCV and\/or HIV, or who have taken part in our training courses.<\/p>\n\n\n\n<p class=\"has-text-align-left\" style=\"font-size:clamp(14px, 0.875rem + ((1vw - 3.2px) * 0.469), 20px);\" data-block-type=\"core\"><strong>Membership benefits<\/strong>&nbsp;:<\/p>\n\n\n\n<ul class=\"wp-block-list\" data-block-type=\"core\">\n<li style=\"font-size:clamp(14px, 0.875rem + ((1vw - 3.2px) * 0.469), 20px);\" data-block-type=\"core\">A seat on the Board of Directors<\/li>\n\n\n\n<li style=\"font-size:clamp(14px, 0.875rem + ((1vw - 3.2px) * 0.469), 20px);\" data-block-type=\"core\">Participation and voting rights at the Annual General Meeting<\/li>\n\n\n\n<li style=\"font-size:clamp(14px, 0.875rem + ((1vw - 3.2px) * 0.469), 20px);\" data-block-type=\"core\">Free access to our symposiums and events<\/li>\n\n\n\n<li style=\"font-size:clamp(14px, 0.875rem + ((1vw - 3.2px) * 0.469), 20px);\" data-block-type=\"core\">Subscription to our quarterly newsletter<span style=\"box-sizing: border-box; border: 0px solid rgb(229, 231, 235); scrollbar-color: auto; scrollbar-width: auto; --tw-border-spacing-x: 0; --tw-border-spacing-y: 0; --tw-translate-x: 0; --tw-translate-y: 0; --tw-rotate: 0; --tw-skew-x: 0; --tw-skew-y: 0; --tw-scale-x: 1; --tw-scale-y: 1; --tw-pan-x: ; --tw-pan-y: ; --tw-pinch-zoom: ; --tw-scroll-snap-strictness: proximity; --tw-gradient-from-position: ; --tw-gradient-via-position: ; --tw-gradient-to-position: ; --tw-ordinal: ; --tw-slashed-zero: ; --tw-numeric-figure: ; --tw-numeric-spacing: ; --tw-numeric-fraction: ; --tw-ring-inset: ; --tw-ring-offset-width: 0px; --tw-ring-offset-color: #fff; --tw-ring-color: rgba(59,130,246,.5); --tw-ring-offset-shadow: 0 0 #0000; --tw-ring-shadow: 0 0 #0000; --tw-shadow: 0 0 #0000; --tw-shadow-colored: 0 0 #0000; --tw-blur: ; --tw-brightness: ; --tw-contrast: ; --tw-grayscale: ; --tw-hue-rotate: ; --tw-invert: ; --tw-saturate: ; --tw-sepia: ; --tw-drop-shadow: ; --tw-backdrop-blur: ; --tw-backdrop-brightness: ; --tw-backdrop-contrast: ; --tw-backdrop-grayscale: ; --tw-backdrop-hue-rotate: ; --tw-backdrop-invert: ; --tw-backdrop-opacity: ; --tw-backdrop-saturate: ; --tw-backdrop-sepia: ; --tw-contain-size: ; --tw-contain-layout: ; --tw-contain-paint: ; --tw-contain-style: ; margin-bottom: 0px; color: oklch(0.304 0.04 213.681); font-family: __fkGroteskNeue_598ab8, __fkGroteskNeue_Fallback_598ab8, ui-sans-serif, system-ui, -apple-system, &quot;system-ui&quot;, &quot;Segoe UI&quot;, Roboto, &quot;Helvetica Neue&quot;, Arial, &quot;Noto Sans&quot;, sans-serif, &quot;Apple Color Emoji&quot;, &quot;Segoe UI Emoji&quot;, &quot;Segoe UI Symbol&quot;, &quot;Noto Color Emoji&quot;; white-space-collapse: collapse; background-color: oklch(0.99 0.004 106.471);\"><\/span><\/li>\n<\/ul>\n\n\n\n<p class=\"has-text-align-left\" style=\"font-size:clamp(14px, 0.875rem + ((1vw - 3.2px) * 0.469), 20px);\" data-block-type=\"core\"><strong>Membership is free and will remain so. <\/strong>If you share our values, want to make your voice heard, or have skills to offer, we'd love to have you join us! <\/p>\n\n\n\n<p class=\"has-text-align-left\" style=\"font-size:clamp(14px, 0.875rem + ((1vw - 3.2px) * 0.469), 20px);\" data-block-type=\"core\">Fill out our virtual membership form and sign up for our newsletter.<\/p>\n<\/div><\/div><\/div>\n<\/div><\/div>","protected":false},"excerpt":{"rendered":"<p>L\u2019adh\u00e9sion comme membre du CAPAHC est gratuite. Ce formulaire d\u2019adh\u00e9sion virtuelle vous inscrit aussi automatiquement \u00e0 notre infolettre. Nous envoyons que quatre infolettres par an, contenant des informations int\u00e9ressantes et des mises \u00e0 jour sur nos activit\u00e9s. Nous respectons votre vie priv\u00e9e et prot\u00e9geons vos renseignements personnels. Lisez notre&nbsp;politique de confidentialit\u00e9. Rejoignez le CAPAHC et [&hellip;]<\/p>","protected":false},"author":1,"featured_media":3150,"parent":0,"menu_order":0,"comment_status":"closed","ping_status":"closed","template":"","meta":{"footnotes":""},"class_list":["post-1107","page","type-page","status-publish","has-post-thumbnail","hentry"],"blocksy_meta":[],"yoast_head":"<!-- This site is optimized with the Yoast SEO Premium plugin v24.0 (Yoast SEO v26.9) - https:\/\/yoast.com\/product\/yoast-seo-premium-wordpress\/ -->\n<title>Devenez membre et soutenez la lutte contre l&#039;h\u00e9patite C - CAPAHC<\/title>\n<meta name=\"description\" content=\"Devenez membre du CAPAHC gratuitement et soutenez la lutte contre l&#039;h\u00e9patite C. Inscrivez-vous d\u00e8s maintenant !\" \/>\n<meta name=\"robots\" content=\"index, follow, max-snippet:-1, max-image-preview:large, max-video-preview:-1\" \/>\n<link rel=\"canonical\" href=\"https:\/\/capahc.com\/en\/devenir-membre\/\" \/>\n<meta property=\"og:locale\" content=\"en_US\" \/>\n<meta property=\"og:type\" content=\"article\" \/>\n<meta property=\"og:title\" content=\"DEVENIR MEMBRE\" \/>\n<meta property=\"og:description\" content=\"Devenez membre du CAPAHC gratuitement et soutenez la lutte contre l&#039;h\u00e9patite C. Inscrivez-vous d\u00e8s maintenant !\" \/>\n<meta property=\"og:url\" content=\"https:\/\/capahc.com\/en\/devenir-membre\/\" \/>\n<meta property=\"og:site_name\" content=\"CAPAHC\" \/>\n<meta property=\"article:publisher\" content=\"https:\/\/www.facebook.com\/CAPAHC\" \/>\n<meta property=\"article:modified_time\" content=\"2025-05-22T18:53:56+00:00\" \/>\n<meta property=\"og:image\" content=\"https:\/\/capahc.com\/wp-content\/uploads\/2025\/01\/cropped-CAPAHC-rond-icone.webp\" \/>\n\t<meta property=\"og:image:width\" content=\"512\" \/>\n\t<meta property=\"og:image:height\" content=\"512\" \/>\n\t<meta property=\"og:image:type\" content=\"image\/webp\" \/>\n<meta name=\"twitter:card\" content=\"summary_large_image\" \/>\n<meta name=\"twitter:label1\" content=\"Est. reading time\" \/>\n\t<meta name=\"twitter:data1\" content=\"2 minutes\" \/>\n<script type=\"application\/ld+json\" class=\"yoast-schema-graph\">{\"@context\":\"https:\/\/schema.org\",\"@graph\":[{\"@type\":\"WebPage\",\"@id\":\"https:\/\/capahc.com\/devenir-membre\/\",\"url\":\"https:\/\/capahc.com\/devenir-membre\/\",\"name\":\"Devenez membre et soutenez la lutte contre l'h\u00e9patite C - CAPAHC\",\"isPartOf\":{\"@id\":\"https:\/\/capahc.com\/#website\"},\"primaryImageOfPage\":{\"@id\":\"https:\/\/capahc.com\/devenir-membre\/#primaryimage\"},\"image\":{\"@id\":\"https:\/\/capahc.com\/devenir-membre\/#primaryimage\"},\"thumbnailUrl\":\"https:\/\/capahc.com\/wp-content\/uploads\/2025\/01\/cropped-CAPAHC-rond-icone.webp\",\"datePublished\":\"2024-10-29T14:01:02+00:00\",\"dateModified\":\"2025-05-22T18:53:56+00:00\",\"description\":\"Devenez membre du CAPAHC gratuitement et soutenez la lutte contre l'h\u00e9patite C. Inscrivez-vous d\u00e8s maintenant !\",\"breadcrumb\":{\"@id\":\"https:\/\/capahc.com\/devenir-membre\/#breadcrumb\"},\"inLanguage\":\"en-CA\",\"potentialAction\":[{\"@type\":\"ReadAction\",\"target\":[\"https:\/\/capahc.com\/devenir-membre\/\"]}]},{\"@type\":\"ImageObject\",\"inLanguage\":\"en-CA\",\"@id\":\"https:\/\/capahc.com\/devenir-membre\/#primaryimage\",\"url\":\"https:\/\/capahc.com\/wp-content\/uploads\/2025\/01\/cropped-CAPAHC-rond-icone.webp\",\"contentUrl\":\"https:\/\/capahc.com\/wp-content\/uploads\/2025\/01\/cropped-CAPAHC-rond-icone.webp\",\"width\":512,\"height\":512,\"caption\":\"Centre Associatif Polyvalent d\u2019Aide H\u00e9patite C\"},{\"@type\":\"BreadcrumbList\",\"@id\":\"https:\/\/capahc.com\/devenir-membre\/#breadcrumb\",\"itemListElement\":[{\"@type\":\"ListItem\",\"position\":1,\"name\":\"Accueil\",\"item\":\"https:\/\/capahc.com\/\"},{\"@type\":\"ListItem\",\"position\":2,\"name\":\"DEVENIR MEMBRE\"}]},{\"@type\":\"WebSite\",\"@id\":\"https:\/\/capahc.com\/#website\",\"url\":\"https:\/\/capahc.com\/\",\"name\":\"CAPAHC\",\"description\":\"Votre R\u00e9f\u00e9rence pour l\u2019H\u00e9patite C au Qu\u00e9bec\",\"publisher\":{\"@id\":\"https:\/\/capahc.com\/#organization\"},\"potentialAction\":[{\"@type\":\"SearchAction\",\"target\":{\"@type\":\"EntryPoint\",\"urlTemplate\":\"https:\/\/capahc.com\/?s={search_term_string}\"},\"query-input\":{\"@type\":\"PropertyValueSpecification\",\"valueRequired\":true,\"valueName\":\"search_term_string\"}}],\"inLanguage\":\"en-CA\"},{\"@type\":\"Organization\",\"@id\":\"https:\/\/capahc.com\/#organization\",\"name\":\"CAPAHC - Centre Associatif Polyvalent d\u2019Aide H\u00e9patite C\",\"url\":\"https:\/\/capahc.com\/\",\"logo\":{\"@type\":\"ImageObject\",\"inLanguage\":\"en-CA\",\"@id\":\"https:\/\/capahc.com\/#\/schema\/logo\/image\/\",\"url\":\"https:\/\/capahc.com\/wp-content\/uploads\/2024\/12\/Logo-CAPAHC-.webp\",\"contentUrl\":\"https:\/\/capahc.com\/wp-content\/uploads\/2024\/12\/Logo-CAPAHC-.webp\",\"width\":672,\"height\":133,\"caption\":\"CAPAHC - Centre Associatif Polyvalent d\u2019Aide H\u00e9patite C\"},\"image\":{\"@id\":\"https:\/\/capahc.com\/#\/schema\/logo\/image\/\"},\"sameAs\":[\"https:\/\/www.facebook.com\/CAPAHC\",\"https:\/\/ca.linkedin.com\/company\/capahc\",\"https:\/\/www.youtube.com\/channel\/UCBZzrLKLNGiWTqCuQEY95xA\",\"https:\/\/www.instagram.com\/capahcorg\"]}]}<\/script>\n<!-- \/ Yoast SEO Premium plugin. -->","yoast_head_json":{"title":"Devenez membre et soutenez la lutte contre l'h\u00e9patite C - CAPAHC","description":"Devenez membre du CAPAHC gratuitement et soutenez la lutte contre l'h\u00e9patite C. Inscrivez-vous d\u00e8s maintenant !","robots":{"index":"index","follow":"follow","max-snippet":"max-snippet:-1","max-image-preview":"max-image-preview:large","max-video-preview":"max-video-preview:-1"},"canonical":"https:\/\/capahc.com\/en\/devenir-membre\/","og_locale":"en_US","og_type":"article","og_title":"DEVENIR MEMBRE","og_description":"Devenez membre du CAPAHC gratuitement et soutenez la lutte contre l'h\u00e9patite C. Inscrivez-vous d\u00e8s maintenant !","og_url":"https:\/\/capahc.com\/en\/devenir-membre\/","og_site_name":"CAPAHC","article_publisher":"https:\/\/www.facebook.com\/CAPAHC","article_modified_time":"2025-05-22T18:53:56+00:00","og_image":[{"width":512,"height":512,"url":"https:\/\/capahc.com\/wp-content\/uploads\/2025\/01\/cropped-CAPAHC-rond-icone.webp","type":"image\/webp"}],"twitter_card":"summary_large_image","twitter_misc":{"Est. reading time":"2 minutes"},"schema":{"@context":"https:\/\/schema.org","@graph":[{"@type":"WebPage","@id":"https:\/\/capahc.com\/devenir-membre\/","url":"https:\/\/capahc.com\/devenir-membre\/","name":"Devenez membre et soutenez la lutte contre l'h\u00e9patite C - CAPAHC","isPartOf":{"@id":"https:\/\/capahc.com\/#website"},"primaryImageOfPage":{"@id":"https:\/\/capahc.com\/devenir-membre\/#primaryimage"},"image":{"@id":"https:\/\/capahc.com\/devenir-membre\/#primaryimage"},"thumbnailUrl":"https:\/\/capahc.com\/wp-content\/uploads\/2025\/01\/cropped-CAPAHC-rond-icone.webp","datePublished":"2024-10-29T14:01:02+00:00","dateModified":"2025-05-22T18:53:56+00:00","description":"Devenez membre du CAPAHC gratuitement et soutenez la lutte contre l'h\u00e9patite C. Inscrivez-vous d\u00e8s maintenant !","breadcrumb":{"@id":"https:\/\/capahc.com\/devenir-membre\/#breadcrumb"},"inLanguage":"en-CA","potentialAction":[{"@type":"ReadAction","target":["https:\/\/capahc.com\/devenir-membre\/"]}]},{"@type":"ImageObject","inLanguage":"en-CA","@id":"https:\/\/capahc.com\/devenir-membre\/#primaryimage","url":"https:\/\/capahc.com\/wp-content\/uploads\/2025\/01\/cropped-CAPAHC-rond-icone.webp","contentUrl":"https:\/\/capahc.com\/wp-content\/uploads\/2025\/01\/cropped-CAPAHC-rond-icone.webp","width":512,"height":512,"caption":"Centre Associatif Polyvalent d\u2019Aide H\u00e9patite C"},{"@type":"BreadcrumbList","@id":"https:\/\/capahc.com\/devenir-membre\/#breadcrumb","itemListElement":[{"@type":"ListItem","position":1,"name":"Accueil","item":"https:\/\/capahc.com\/"},{"@type":"ListItem","position":2,"name":"DEVENIR MEMBRE"}]},{"@type":"WebSite","@id":"https:\/\/capahc.com\/#website","url":"https:\/\/capahc.com\/","name":"CAPAHC","description":"Your reference for hepatitis C in Quebec","publisher":{"@id":"https:\/\/capahc.com\/#organization"},"potentialAction":[{"@type":"SearchAction","target":{"@type":"EntryPoint","urlTemplate":"https:\/\/capahc.com\/?s={search_term_string}"},"query-input":{"@type":"PropertyValueSpecification","valueRequired":true,"valueName":"search_term_string"}}],"inLanguage":"en-CA"},{"@type":"Organization","@id":"https:\/\/capahc.com\/#organization","name":"CAPAHC - Centre Associatif Polyvalent d\u2019Aide H\u00e9patite C","url":"https:\/\/capahc.com\/","logo":{"@type":"ImageObject","inLanguage":"en-CA","@id":"https:\/\/capahc.com\/#\/schema\/logo\/image\/","url":"https:\/\/capahc.com\/wp-content\/uploads\/2024\/12\/Logo-CAPAHC-.webp","contentUrl":"https:\/\/capahc.com\/wp-content\/uploads\/2024\/12\/Logo-CAPAHC-.webp","width":672,"height":133,"caption":"CAPAHC - Centre Associatif Polyvalent d\u2019Aide H\u00e9patite C"},"image":{"@id":"https:\/\/capahc.com\/#\/schema\/logo\/image\/"},"sameAs":["https:\/\/www.facebook.com\/CAPAHC","https:\/\/ca.linkedin.com\/company\/capahc","https:\/\/www.youtube.com\/channel\/UCBZzrLKLNGiWTqCuQEY95xA","https:\/\/www.instagram.com\/capahcorg"]}]}},"jetpack_sharing_enabled":true,"_links":{"self":[{"href":"https:\/\/capahc.com\/en\/wp-json\/wp\/v2\/pages\/1107","targetHints":{"allow":["GET"]}}],"collection":[{"href":"https:\/\/capahc.com\/en\/wp-json\/wp\/v2\/pages"}],"about":[{"href":"https:\/\/capahc.com\/en\/wp-json\/wp\/v2\/types\/page"}],"author":[{"embeddable":true,"href":"https:\/\/capahc.com\/en\/wp-json\/wp\/v2\/users\/1"}],"replies":[{"embeddable":true,"href":"https:\/\/capahc.com\/en\/wp-json\/wp\/v2\/comments?post=1107"}],"version-history":[{"count":0,"href":"https:\/\/capahc.com\/en\/wp-json\/wp\/v2\/pages\/1107\/revisions"}],"wp:featuredmedia":[{"embeddable":true,"href":"https:\/\/capahc.com\/en\/wp-json\/wp\/v2\/media\/3150"}],"wp:attachment":[{"href":"https:\/\/capahc.com\/en\/wp-json\/wp\/v2\/media?parent=1107"}],"curies":[{"name":"wp","href":"https:\/\/api.w.org\/{rel}","templated":true}]}}